{"id":34836,"date":"2025-04-03T20:28:38","date_gmt":"2025-04-03T17:28:38","guid":{"rendered":"https:\/\/mustrender.com\/?post_type=product&p=34836"},"modified":"2025-04-03T20:28:38","modified_gmt":"2025-04-03T17:28:38","slug":"pomandere-batist-puuvillast-sark","status":"publish","type":"product","link":"https:\/\/www.mustrender.com\/et\/toode\/pomandere-batist-puuvillast-sark\/","title":{"rendered":"Pomand\u00e8re BATIST PUUVILLAST S\u00c4RK"},"content":{"rendered":"","protected":false},"excerpt":{"rendered":"<h1>POMAND\u00c8RE<\/h1>\n<h6>\u00d5huline puuvillane pluus<\/h6>\n<h6>&#8211; kroogitud \u00f5lad ja varrukad<\/h6>\n<h6>&#8211; n\u00f6\u00f6bid<\/h6>\n<h6>&#8211; mugav l\u00f5ige<\/h6>\n<h6>&#8211; triibuline kangatekstuur<\/h6>\n<h6>&#8211; valmistatud Itaalias<\/h6>\n","protected":false},"featured_media":34819,"comment_status":"open","ping_status":"closed","template":"","meta":[],"product_cat":[1935,721],"product_tag":[1955,1508,1956],"class_list":{"0":"post-34836","1":"product","2":"type-product","3":"status-publish","4":"has-post-thumbnail","6":"product_cat-uued-tooted","7":"product_cat-pluusid-ja-t-sargid","8":"product_tag-pluus","9":"product_tag-pomandere-et","10":"product_tag-sark","11":"pa_colour-valge","12":"pa_composition-100-puuvill","13":"pa_designer-colour-valge","14":"pa_season-kevad-suvi-25","15":"pa_size-xs-et","16":"pa_size-s-et","17":"pa_size-m-et","18":"pa_size-l-et","19":"pa_size-xl-et","21":"first","22":"instock","23":"shipping-taxable","24":"purchasable","25":"product-type-variable"},"_links":{"self":[{"href":"https:\/\/www.mustrender.com\/et\/wp-json\/wp\/v2\/product\/34836","targetHints":{"allow":["GET"]}}],"collection":[{"href":"https:\/\/www.mustrender.com\/et\/wp-json\/wp\/v2\/product"}],"about":[{"href":"https:\/\/www.mustrender.com\/et\/wp-json\/wp\/v2\/types\/product"}],"replies":[{"embeddable":true,"href":"https:\/\/www.mustrender.com\/et\/wp-json\/wp\/v2\/comments?post=34836"}],"wp:featuredmedia":[{"embeddable":true,"href":"https:\/\/www.mustrender.com\/et\/wp-json\/wp\/v2\/media\/34819"}],"wp:attachment":[{"href":"https:\/\/www.mustrender.com\/et\/wp-json\/wp\/v2\/media?parent=34836"}],"wp:term":[{"taxonomy":"product_cat","embeddable":true,"href":"https:\/\/www.mustrender.com\/et\/wp-json\/wp\/v2\/product_cat?post=34836"},{"taxonomy":"product_tag","embeddable":true,"href":"https:\/\/www.mustrender.com\/et\/wp-json\/wp\/v2\/product_tag?post=34836"}],"curies":[{"name":"wp","href":"https:\/\/api.w.org\/{rel}","templated":true}]}}