{"id":34784,"date":"2025-03-19T19:30:02","date_gmt":"2025-03-19T16:30:02","guid":{"rendered":"https:\/\/mustrender.com\/?post_type=product&p=34784"},"modified":"2025-03-19T19:30:02","modified_gmt":"2025-03-19T16:30:02","slug":"pomandere-laienevad-puksid","status":"publish","type":"product","link":"https:\/\/www.mustrender.com\/et\/toode\/pomandere-laienevad-puksid\/","title":{"rendered":"Pomand\u00e8re LAIENEVAD P\u00dcKSID"},"content":{"rendered":"","protected":false},"excerpt":{"rendered":"<h1>POMAND\u00c8RE<\/h1>\n<h6>Puuvillased gabardiinp\u00fcksid<\/h6>\n<h6>&#8211; laia s\u00e4\u00e4rega<\/h6>\n<h6>-sissev\u00f5tuvoldid<\/h6>\n<h6>&#8211; k\u00fcljetaskud ja tagataskud<\/h6>\n<h6>&#8211; taga kummiv\u00e4rvel<\/h6>\n<h6>&#8211; v\u00f6\u00f6aasad<\/h6>\n<h6>&#8211; valmistatud Itaalias<\/h6>\n","protected":false},"featured_media":34764,"comment_status":"open","ping_status":"closed","template":"","meta":[],"product_cat":[1935,725],"product_tag":[1508],"class_list":{"0":"post-34784","1":"product","2":"type-product","3":"status-publish","4":"has-post-thumbnail","6":"product_cat-uued-tooted","7":"product_cat-puksid-ja-seelikud","8":"product_tag-pomandere-et","9":"pa_colour-valge","10":"pa_composition-100-puuvill","11":"pa_designer-colour-butter-et","12":"pa_season-kevad-suvi-25","13":"pa_size-xs-et","14":"pa_size-s-et","15":"pa_size-m-et","16":"pa_size-l-et","17":"pa_size-xl-et","19":"first","20":"instock","21":"shipping-taxable","22":"purchasable","23":"product-type-variable"},"_links":{"self":[{"href":"https:\/\/www.mustrender.com\/et\/wp-json\/wp\/v2\/product\/34784","targetHints":{"allow":["GET"]}}],"collection":[{"href":"https:\/\/www.mustrender.com\/et\/wp-json\/wp\/v2\/product"}],"about":[{"href":"https:\/\/www.mustrender.com\/et\/wp-json\/wp\/v2\/types\/product"}],"replies":[{"embeddable":true,"href":"https:\/\/www.mustrender.com\/et\/wp-json\/wp\/v2\/comments?post=34784"}],"wp:featuredmedia":[{"embeddable":true,"href":"https:\/\/www.mustrender.com\/et\/wp-json\/wp\/v2\/media\/34764"}],"wp:attachment":[{"href":"https:\/\/www.mustrender.com\/et\/wp-json\/wp\/v2\/media?parent=34784"}],"wp:term":[{"taxonomy":"product_cat","embeddable":true,"href":"https:\/\/www.mustrender.com\/et\/wp-json\/wp\/v2\/product_cat?post=34784"},{"taxonomy":"product_tag","embeddable":true,"href":"https:\/\/www.mustrender.com\/et\/wp-json\/wp\/v2\/product_tag?post=34784"}],"curies":[{"name":"wp","href":"https:\/\/api.w.org\/{rel}","templated":true}]}}