{"id":32186,"date":"2024-10-07T17:27:49","date_gmt":"2024-10-07T14:27:49","guid":{"rendered":"https:\/\/mustrender.com\/product\/triibulised-laia-saarega-puksid\/"},"modified":"2024-10-14T17:36:19","modified_gmt":"2024-10-14T14:36:19","slug":"triibulised-laia-saarega-puksid","status":"publish","type":"product","link":"https:\/\/www.mustrender.com\/et\/toode\/triibulised-laia-saarega-puksid\/","title":{"rendered":"Triibulised laia s\u00e4\u00e4rega p\u00fcksid"},"content":{"rendered":"","protected":false},"excerpt":{"rendered":"<p><strong>Alysi<\/strong><\/p>\n<p>Voltidega laia s\u00e4\u00e4rega p\u00fcksid<\/p>\n<ul>\n<li>triibuline villane kangas<\/li>\n<li>k\u00fcljetaskud<\/li>\n<li>ees n\u00f6\u00f6p ja peidetud lukk<\/li>\n<li>v\u00f6\u00f6aasad<\/li>\n<li>valmistatud Itaalias<\/li>\n<\/ul>\n","protected":false},"featured_media":22523,"comment_status":"closed","ping_status":"closed","template":"","meta":[],"product_cat":[725],"product_tag":[],"class_list":{"0":"post-32186","1":"product","2":"type-product","3":"status-publish","4":"has-post-thumbnail","6":"product_cat-puksid-ja-seelikud","7":"pa_colour-tume-hall","8":"pa_composition-100-uusvill-et","9":"pa_designer-colour-antracite","10":"pa_season-fw25-et","11":"pa_size-xs-et","12":"pa_size-s-et","13":"pa_size-m-et","14":"pa_size-l-et","15":"pa_size-xl-et","17":"first","18":"instock","19":"purchasable","20":"product-type-variable"},"_links":{"self":[{"href":"https:\/\/www.mustrender.com\/et\/wp-json\/wp\/v2\/product\/32186","targetHints":{"allow":["GET"]}}],"collection":[{"href":"https:\/\/www.mustrender.com\/et\/wp-json\/wp\/v2\/product"}],"about":[{"href":"https:\/\/www.mustrender.com\/et\/wp-json\/wp\/v2\/types\/product"}],"replies":[{"embeddable":true,"href":"https:\/\/www.mustrender.com\/et\/wp-json\/wp\/v2\/comments?post=32186"}],"wp:featuredmedia":[{"embeddable":true,"href":"https:\/\/www.mustrender.com\/et\/wp-json\/wp\/v2\/media\/22523"}],"wp:attachment":[{"href":"https:\/\/www.mustrender.com\/et\/wp-json\/wp\/v2\/media?parent=32186"}],"wp:term":[{"taxonomy":"product_cat","embeddable":true,"href":"https:\/\/www.mustrender.com\/et\/wp-json\/wp\/v2\/product_cat?post=32186"},{"taxonomy":"product_tag","embeddable":true,"href":"https:\/\/www.mustrender.com\/et\/wp-json\/wp\/v2\/product_tag?post=32186"}],"curies":[{"name":"wp","href":"https:\/\/api.w.org\/{rel}","templated":true}]}}