{"id":31154,"date":"2024-10-06T19:21:12","date_gmt":"2024-10-06T16:21:12","guid":{"rendered":"https:\/\/mustrender.com\/product\/korge-kaelusega-soonikkoes-kasmiirkampsun\/"},"modified":"2024-10-07T00:56:27","modified_gmt":"2024-10-06T21:56:27","slug":"korge-kaelusega-soonikkoes-kasmiirkampsun","status":"publish","type":"product","link":"https:\/\/www.mustrender.com\/et\/toode\/korge-kaelusega-soonikkoes-kasmiirkampsun\/","title":{"rendered":"K\u00f5rge kaelusega soonikkoes ka\u0161miirkampsun"},"content":{"rendered":"","protected":false},"excerpt":{"rendered":"<p>K\u00f5rge kaelusega soonikkoes kampsun, unisex, 100% ka\u0161miir, valmistatud Itaalias<\/p>\n","protected":false},"featured_media":34417,"comment_status":"closed","ping_status":"closed","template":"","meta":[],"product_cat":[724],"product_tag":[],"class_list":{"0":"post-31154","1":"product","2":"type-product","3":"status-publish","4":"has-post-thumbnail","6":"product_cat-kudumid-ja-vestid","7":"pa_colour-valge","8":"pa_composition-100-kasmiir-75-umbertoodeldud-kasmiir-25-uus-kasmiir-et","9":"pa_designer-colour-panna","10":"pa_size-xs-et","11":"pa_size-s-et","12":"pa_size-m-et","13":"pa_size-l-et","14":"pa_size-xl-et","16":"first","17":"instock","18":"purchasable","19":"product-type-variable"},"_links":{"self":[{"href":"https:\/\/www.mustrender.com\/et\/wp-json\/wp\/v2\/product\/31154","targetHints":{"allow":["GET"]}}],"collection":[{"href":"https:\/\/www.mustrender.com\/et\/wp-json\/wp\/v2\/product"}],"about":[{"href":"https:\/\/www.mustrender.com\/et\/wp-json\/wp\/v2\/types\/product"}],"replies":[{"embeddable":true,"href":"https:\/\/www.mustrender.com\/et\/wp-json\/wp\/v2\/comments?post=31154"}],"wp:featuredmedia":[{"embeddable":true,"href":"https:\/\/www.mustrender.com\/et\/wp-json\/wp\/v2\/media\/34417"}],"wp:attachment":[{"href":"https:\/\/www.mustrender.com\/et\/wp-json\/wp\/v2\/media?parent=31154"}],"wp:term":[{"taxonomy":"product_cat","embeddable":true,"href":"https:\/\/www.mustrender.com\/et\/wp-json\/wp\/v2\/product_cat?post=31154"},{"taxonomy":"product_tag","embeddable":true,"href":"https:\/\/www.mustrender.com\/et\/wp-json\/wp\/v2\/product_tag?post=31154"}],"curies":[{"name":"wp","href":"https:\/\/api.w.org\/{rel}","templated":true}]}}