{"id":27718,"date":"2024-09-27T07:30:09","date_gmt":"2024-09-27T04:30:09","guid":{"rendered":"https:\/\/mustrender.com\/product\/kummivarvliga-puksid\/"},"modified":"2024-09-27T17:57:02","modified_gmt":"2024-09-27T14:57:02","slug":"kummivarvliga-puksid","status":"publish","type":"product","link":"https:\/\/www.mustrender.com\/et\/toode\/kummivarvliga-puksid\/","title":{"rendered":"Kummiv\u00e4rvliga p\u00fcksid"},"content":{"rendered":"","protected":false},"excerpt":{"rendered":"<p><strong>Pomand\u00e9re<\/strong><\/p>\n<p>Jaapani puuvillast kummiv\u00e4rvliga p\u00fcksid<\/p>\n<ul>\n<li>k\u00fcljetaskud ja tagatasku<\/li>\n<li>keskmine v\u00f6\u00f6koht<\/li>\n<li>tavaline istuvus<\/li>\n<li>valmistatud Itaalias<\/li>\n<\/ul>\n","protected":false},"featured_media":16047,"comment_status":"closed","ping_status":"closed","template":"","meta":[],"product_cat":[1181,1526],"product_tag":[1508],"class_list":{"0":"post-27718","1":"product","2":"type-product","3":"status-publish","4":"has-post-thumbnail","6":"product_cat-outlet-et","7":"product_cat-puksid-ja-seelikud-2","8":"product_tag-pomandere-et","9":"pa_colour-khaki-roheline","10":"pa_composition-68-puuvill32-poluesterjatkusuutlik","11":"pa_designer-colour-gold-khaki-et","12":"pa_size-xs-et","13":"pa_size-s-et","14":"pa_size-m-et","15":"pa_size-l-et","16":"pa_size-xl-et","18":"first","19":"instock","20":"purchasable","21":"product-type-variable"},"_links":{"self":[{"href":"https:\/\/www.mustrender.com\/et\/wp-json\/wp\/v2\/product\/27718","targetHints":{"allow":["GET"]}}],"collection":[{"href":"https:\/\/www.mustrender.com\/et\/wp-json\/wp\/v2\/product"}],"about":[{"href":"https:\/\/www.mustrender.com\/et\/wp-json\/wp\/v2\/types\/product"}],"replies":[{"embeddable":true,"href":"https:\/\/www.mustrender.com\/et\/wp-json\/wp\/v2\/comments?post=27718"}],"wp:featuredmedia":[{"embeddable":true,"href":"https:\/\/www.mustrender.com\/et\/wp-json\/wp\/v2\/media\/16047"}],"wp:attachment":[{"href":"https:\/\/www.mustrender.com\/et\/wp-json\/wp\/v2\/media?parent=27718"}],"wp:term":[{"taxonomy":"product_cat","embeddable":true,"href":"https:\/\/www.mustrender.com\/et\/wp-json\/wp\/v2\/product_cat?post=27718"},{"taxonomy":"product_tag","embeddable":true,"href":"https:\/\/www.mustrender.com\/et\/wp-json\/wp\/v2\/product_tag?post=27718"}],"curies":[{"name":"wp","href":"https:\/\/api.w.org\/{rel}","templated":true}]}}