{"id":27398,"date":"2024-09-27T07:46:11","date_gmt":"2024-09-27T04:46:11","guid":{"rendered":"https:\/\/mustrender.com\/product\/krepdesiinist-mantel\/"},"modified":"2024-09-27T17:45:54","modified_gmt":"2024-09-27T14:45:54","slug":"krepdesiinist-mantel","status":"publish","type":"product","link":"https:\/\/www.mustrender.com\/et\/toode\/krepdesiinist-mantel\/","title":{"rendered":"Krepde\u015biinist mantel"},"content":{"rendered":"","protected":false},"excerpt":{"rendered":"<p><strong>Alysi<\/strong><\/p>\n<p>Krepde\u015biinist pikk \u00fche n\u00f6\u00f6biga mantel<\/p>\n<ul>\n<li>voodrita<\/li>\n<li>taga l\u00f5hik<\/li>\n<li>rinnatasku<\/li>\n<li>valmistatud Itaalias<\/li>\n<\/ul>\n","protected":false},"featured_media":33930,"comment_status":"closed","ping_status":"closed","template":"","meta":[],"product_cat":[1181,1524],"product_tag":[1500],"class_list":{"0":"post-27398","1":"product","2":"type-product","3":"status-publish","4":"has-post-thumbnail","6":"product_cat-outlet-et","7":"product_cat-joped-ja-jakid-2","8":"product_tag-alysi-et","9":"pa_colour-must","10":"pa_composition-100-siid-et","11":"pa_designer-colour-nero-et","12":"pa_size-xs-et","13":"pa_size-s-et","14":"pa_size-m-et","15":"pa_size-l-et","16":"pa_size-xl-et","18":"first","19":"instock","20":"purchasable","21":"product-type-variable"},"_links":{"self":[{"href":"https:\/\/www.mustrender.com\/et\/wp-json\/wp\/v2\/product\/27398","targetHints":{"allow":["GET"]}}],"collection":[{"href":"https:\/\/www.mustrender.com\/et\/wp-json\/wp\/v2\/product"}],"about":[{"href":"https:\/\/www.mustrender.com\/et\/wp-json\/wp\/v2\/types\/product"}],"replies":[{"embeddable":true,"href":"https:\/\/www.mustrender.com\/et\/wp-json\/wp\/v2\/comments?post=27398"}],"wp:featuredmedia":[{"embeddable":true,"href":"https:\/\/www.mustrender.com\/et\/wp-json\/wp\/v2\/media\/33930"}],"wp:attachment":[{"href":"https:\/\/www.mustrender.com\/et\/wp-json\/wp\/v2\/media?parent=27398"}],"wp:term":[{"taxonomy":"product_cat","embeddable":true,"href":"https:\/\/www.mustrender.com\/et\/wp-json\/wp\/v2\/product_cat?post=27398"},{"taxonomy":"product_tag","embeddable":true,"href":"https:\/\/www.mustrender.com\/et\/wp-json\/wp\/v2\/product_tag?post=27398"}],"curies":[{"name":"wp","href":"https:\/\/api.w.org\/{rel}","templated":true}]}}